{"id":9796,"date":"2021-11-26T21:52:07","date_gmt":"2021-11-26T21:52:07","guid":{"rendered":"http:\/\/purisimadelrincon.mx\/transparencia\/?page_id=9796"},"modified":"2022-08-03T17:23:35","modified_gmt":"2022-08-03T17:23:35","slug":"iii-manuales-de-organizacion-y-funciones","status":"publish","type":"page","link":"https:\/\/purisimadelrincon.mx\/transparencia\/iii-manuales-de-organizacion-y-funciones\/","title":{"rendered":"Manuales de organizaci\u00f3n y funciones vigentes."},"content":{"rendered":"<p><!--StartFragment--><\/p>\n<ul>\n<li><a href=\"https:\/\/purisimadelrincon.mx\/transparencia\/wp-content\/uploads\/MO-de-Archivo-General-2021.pdf\">Archivo General 2021<\/a><\/li>\n<li><a href=\"https:\/\/purisimadelrincon.mx\/transparencia\/wp-content\/uploads\/MO-de-Casa-de-la-Cultura-2021.pdf\">Casa de la Cultura 2021<\/a><\/li>\n<li><a href=\"https:\/\/purisimadelrincon.mx\/transparencia\/wp-content\/uploads\/MO-de-COMUDE-2021.pdf\">COMUDE 2021<\/a><\/li>\n<li><a href=\"https:\/\/purisimadelrincon.mx\/transparencia\/wp-content\/uploads\/MO-de-Comunicacion-Social-2021.pdf\">Comunicaci\u00f3n Social 2021<\/a><\/li>\n<li><a href=\"https:\/\/purisimadelrincon.mx\/transparencia\/wp-content\/uploads\/MO-de-Contraloria-Municipal-2021.pdf\">Contralor\u00eda Municipal 2021<\/a><\/li>\n<li><a href=\"https:\/\/purisimadelrincon.mx\/transparencia\/wp-content\/uploads\/MO-de-Coordinacion-de-Informatica-2021.pdf\">Coordinaci\u00f3n de Inform\u00e1tica 2021<\/a><\/li>\n<li><a href=\"https:\/\/purisimadelrincon.mx\/transparencia\/wp-content\/uploads\/MO-de-Desarrollo-Economico-y-Turismo-2021.pdf\">Desarrollo Econ\u00f3mico y Turismo 2021<\/a><\/li>\n<li><a href=\"https:\/\/purisimadelrincon.mx\/transparencia\/wp-content\/uploads\/MO-de-Desarrollo-Rural-2021.pdf\">Desarrollo Rural 2021<\/a><\/li>\n<li><a href=\"https:\/\/purisimadelrincon.mx\/transparencia\/wp-content\/uploads\/MO-de-Desarrollo-Social-2021.pdf\">Desarrollo Social 2021<\/a><\/li>\n<li><a href=\"https:\/\/purisimadelrincon.mx\/transparencia\/wp-content\/uploads\/MO-de-Desarrollo-Urbano-2021.pdf\">Desarrollo Urbano 2021<\/a><\/li>\n<li><a href=\"https:\/\/purisimadelrincon.mx\/transparencia\/wp-content\/uploads\/MO-de-Educacion-2021.pdf\">Educaci\u00f3n 2021<\/a><\/li>\n<li><a href=\"https:\/\/purisimadelrincon.mx\/transparencia\/wp-content\/uploads\/MO-de-Fiscalizacion-y-Control-2021.pdf\">Fiscalizaci\u00f3n y Control 2021<\/a><\/li>\n<li><a href=\"https:\/\/purisimadelrincon.mx\/transparencia\/wp-content\/uploads\/MO-de-Instancia-de-la-Juventud-2021.pdf\">Instancia de la Juventud 2021<\/a><\/li>\n<li><a href=\"https:\/\/purisimadelrincon.mx\/transparencia\/wp-content\/uploads\/MO-de-Instituto-de-la-Mujer-2021.pdf\">Instituto de la Mujer 2021<\/a><\/li>\n<li><a href=\"https:\/\/purisimadelrincon.mx\/transparencia\/wp-content\/uploads\/MO-de-Jueces-Calificadores-2021.pdf\">Jueces Calificadores 2021<\/a><\/li>\n<li><a href=\"https:\/\/purisimadelrincon.mx\/transparencia\/wp-content\/uploads\/MO-de-Juridico-2021.pdf\">Jur\u00eddico 2021<\/a><\/li>\n<li><a href=\"https:\/\/purisimadelrincon.mx\/transparencia\/wp-content\/uploads\/MO-de-Medio-Ambiente-y-Ecologia-2021.pdf\">Medio Ambiente y Ecolog\u00eda 2021<\/a><\/li>\n<li><a href=\"https:\/\/purisimadelrincon.mx\/transparencia\/wp-content\/uploads\/MO-de-Obras-Publicas-2021.pdf\">Obras P\u00fablicas 2021<\/a><\/li>\n<li><a href=\"https:\/\/purisimadelrincon.mx\/transparencia\/wp-content\/uploads\/MO-de-Planeacion-2021.pdf\">Planeaci\u00f3n 2021<\/a><\/li>\n<li><a href=\"https:\/\/purisimadelrincon.mx\/transparencia\/wp-content\/uploads\/MO-de-Predial-y-Catastro-2021.pdf\">Predial y Catastro 2021<\/a><\/li>\n<li><a href=\"https:\/\/purisimadelrincon.mx\/transparencia\/wp-content\/uploads\/MO-de-Presidencia-2021.pdf\">Presidencia 2021<\/a><\/li>\n<li><a href=\"https:\/\/purisimadelrincon.mx\/transparencia\/wp-content\/uploads\/MO-de-Proteccion-Civil-2021.pdf\">Protecci\u00f3n Civil 2021<\/a><\/li>\n<li><a href=\"https:\/\/purisimadelrincon.mx\/transparencia\/wp-content\/uploads\/MO-de-Rastro-Municipal-2021.pdf\">Rastro Municipal 2021<\/a><\/li>\n<li><a href=\"https:\/\/purisimadelrincon.mx\/transparencia\/wp-content\/uploads\/MO-de-Recursos-Humanos-2021.pdf\">Recursos Humanos 2021<\/a><\/li>\n<li><a href=\"https:\/\/purisimadelrincon.mx\/transparencia\/wp-content\/uploads\/MO-de-Secretaria-de-Ayuntamiento-2021.pdf\">Secretar\u00eda de Ayuntamiento 2021<\/a><\/li>\n<li><a href=\"https:\/\/purisimadelrincon.mx\/transparencia\/wp-content\/uploads\/MO-de-Secretaria-Particular-2021.pdf\">Secretar\u00eda Particular 2021<\/a><\/li>\n<li><a href=\"https:\/\/purisimadelrincon.mx\/transparencia\/wp-content\/uploads\/MO-de-Seguridad-Publica-2021.pdf\">Seguridad P\u00fablica 2021<\/a><\/li>\n<li><a href=\"https:\/\/purisimadelrincon.mx\/transparencia\/wp-content\/uploads\/MO-de-Servicios-Municipales-2021.pdf\">Servicios Municipales 2021<\/a><\/li>\n<li><a href=\"https:\/\/purisimadelrincon.mx\/transparencia\/wp-content\/uploads\/MO-de-SIPINNA.pdf\">SIPINNA 2021<\/a><\/li>\n<li><a href=\"https:\/\/purisimadelrincon.mx\/transparencia\/wp-content\/uploads\/MO-de-Tesoreria-Municipal-2021.pdf\">Tesorer\u00eda Municipal 2021<\/a><\/li>\n<li><a href=\"https:\/\/purisimadelrincon.mx\/transparencia\/wp-content\/uploads\/MO-de-Unidad-de-Transparencia-2021.pdf\">Unidad de Transparencia 2021<\/a><\/li>\n<\/ul>\n\n\n<p><\/p>\n","protected":false},"excerpt":{"rendered":"<p>Archivo General 2021 Casa de la Cultura 2021 COMUDE 2021 Comunicaci\u00f3n Social 2021 Contralor\u00eda Municipal 2021 Coordinaci\u00f3n de Inform\u00e1tica 2021 Desarrollo Econ\u00f3mico y Turismo 2021 Desarrollo Rural 2021 Desarrollo Social 2021 Desarrollo Urbano 2021 Educaci\u00f3n 2021 Fiscalizaci\u00f3n y Control 2021 <a class=\"more-link\" href=\"https:\/\/purisimadelrincon.mx\/transparencia\/iii-manuales-de-organizacion-y-funciones\/\">Seguir leyendo <span class=\"screen-reader-text\">  Manuales de organizaci\u00f3n y funciones vigentes.<\/span><span class=\"meta-nav\">&rarr;<\/span><\/a><\/p>\n","protected":false},"author":1,"featured_media":0,"parent":0,"menu_order":0,"comment_status":"closed","ping_status":"closed","template":"","meta":{"footnotes":""},"class_list":["post-9796","page","type-page","status-publish","hentry"],"_links":{"self":[{"href":"https:\/\/purisimadelrincon.mx\/transparencia\/wp-json\/wp\/v2\/pages\/9796","targetHints":{"allow":["GET"]}}],"collection":[{"href":"https:\/\/purisimadelrincon.mx\/transparencia\/wp-json\/wp\/v2\/pages"}],"about":[{"href":"https:\/\/purisimadelrincon.mx\/transparencia\/wp-json\/wp\/v2\/types\/page"}],"author":[{"embeddable":true,"href":"https:\/\/purisimadelrincon.mx\/transparencia\/wp-json\/wp\/v2\/users\/1"}],"replies":[{"embeddable":true,"href":"https:\/\/purisimadelrincon.mx\/transparencia\/wp-json\/wp\/v2\/comments?post=9796"}],"version-history":[{"count":5,"href":"https:\/\/purisimadelrincon.mx\/transparencia\/wp-json\/wp\/v2\/pages\/9796\/revisions"}],"predecessor-version":[{"id":14092,"href":"https:\/\/purisimadelrincon.mx\/transparencia\/wp-json\/wp\/v2\/pages\/9796\/revisions\/14092"}],"wp:attachment":[{"href":"https:\/\/purisimadelrincon.mx\/transparencia\/wp-json\/wp\/v2\/media?parent=9796"}],"curies":[{"name":"wp","href":"https:\/\/api.w.org\/{rel}","templated":true}]}}