{"id":98,"date":"2012-10-18T16:26:35","date_gmt":"2012-10-18T16:26:35","guid":{"rendered":"http:\/\/localhost\/transparencia\/?page_id=98"},"modified":"2014-05-27T18:34:05","modified_gmt":"2014-05-27T18:34:05","slug":"cuales-son-los-requisitos-para-hacer-una-solicitud","status":"publish","type":"page","link":"https:\/\/purisimadelrincon.mx\/transparencia\/cuales-son-los-requisitos-para-hacer-una-solicitud\/","title":{"rendered":"\u00bf Cu\u00e1les son los requisitos para hacer una solicitud ?"},"content":{"rendered":"<p>Los Datos m\u00ednimos que deber\u00e1 contener la solicitud son:<\/p>\n<ul>\n<li>Nombre del Solicitante<\/li>\n<li>Domicilio para recibir las notificaciones, el cual deber\u00e1 estar ubicado en la cabecera municipal.<\/li>\n<li>Descripci\u00f3n clara y precisa de la informaci\u00f3n solicitada.<\/li>\n<li>Cualquier otro dato que a juicio del solicitante facilite la localizaci\u00f3n de la informaci\u00f3n solicitada.<\/li>\n<li>Modalidad en que el solicitante desee que se le proporcione la informaci\u00f3n<\/li>\n<\/ul>\n","protected":false},"excerpt":{"rendered":"<p>Los Datos m\u00ednimos que deber\u00e1 contener la solicitud son: Nombre del Solicitante Domicilio para recibir las notificaciones, el cual deber\u00e1 estar ubicado en la cabecera municipal. Descripci\u00f3n clara y precisa de la informaci\u00f3n solicitada. Cualquier otro dato que a juicio <a class=\"more-link\" href=\"https:\/\/purisimadelrincon.mx\/transparencia\/cuales-son-los-requisitos-para-hacer-una-solicitud\/\">Seguir leyendo <span class=\"screen-reader-text\">  \u00bf Cu\u00e1les son los requisitos para hacer una solicitud ?<\/span><span class=\"meta-nav\">&rarr;<\/span><\/a><\/p>\n","protected":false},"author":1,"featured_media":0,"parent":0,"menu_order":0,"comment_status":"closed","ping_status":"closed","template":"","meta":{"footnotes":""},"class_list":["post-98","page","type-page","status-publish","hentry"],"_links":{"self":[{"href":"https:\/\/purisimadelrincon.mx\/transparencia\/wp-json\/wp\/v2\/pages\/98","targetHints":{"allow":["GET"]}}],"collection":[{"href":"https:\/\/purisimadelrincon.mx\/transparencia\/wp-json\/wp\/v2\/pages"}],"about":[{"href":"https:\/\/purisimadelrincon.mx\/transparencia\/wp-json\/wp\/v2\/types\/page"}],"author":[{"embeddable":true,"href":"https:\/\/purisimadelrincon.mx\/transparencia\/wp-json\/wp\/v2\/users\/1"}],"replies":[{"embeddable":true,"href":"https:\/\/purisimadelrincon.mx\/transparencia\/wp-json\/wp\/v2\/comments?post=98"}],"version-history":[{"count":2,"href":"https:\/\/purisimadelrincon.mx\/transparencia\/wp-json\/wp\/v2\/pages\/98\/revisions"}],"predecessor-version":[{"id":1191,"href":"https:\/\/purisimadelrincon.mx\/transparencia\/wp-json\/wp\/v2\/pages\/98\/revisions\/1191"}],"wp:attachment":[{"href":"https:\/\/purisimadelrincon.mx\/transparencia\/wp-json\/wp\/v2\/media?parent=98"}],"curies":[{"name":"wp","href":"https:\/\/api.w.org\/{rel}","templated":true}]}}